{"id":86,"date":"2015-06-01T17:05:37","date_gmt":"2015-06-01T16:05:37","guid":{"rendered":"https:\/\/coueron-st-symphorien.fr\/?page_id=86"},"modified":"2019-09-13T11:57:09","modified_gmt":"2019-09-13T10:57:09","slug":"presentation","status":"publish","type":"page","link":"https:\/\/coueron-st-symphorien.fr\/?page_id=86","title":{"rendered":"Pr\u00e9sentation"},"content":{"rendered":"<div class=\"fiche\"><strong>&nbsp;<\/strong><\/div>\n<div class=\"contentBox\">\n<p>L&rsquo;\u00e9cole St Symphorien est un groupe scolaire qui accueille environ 300 \u00e9l\u00e8ves chaque ann\u00e9e. Les 13 classes sont r\u00e9parties en 3 cycles :<\/p>\n<p>* Cycle I : petite section, moyenne section et grande section<br \/>\n* Cycle II : Cours Pr\u00e9paratoire, CE1, CE2<br \/>\n* Cycle III :&nbsp; CM1, CM2<\/p>\n<p>La direction des 3 cycles est assur\u00e9e par Mr Laurent DAVID<\/p>\n<div class=\"contentBox\">\n<h4 class=\"fiche\"><strong>&nbsp;&nbsp; <\/strong><\/h4>\n<h4 class=\"fiche\"><strong>Horaires<\/strong><\/h4>\n<p>&nbsp;8h45 \u00e0 12h00 et 13h45 \u00e0 16h<br \/>\nMercredi: 8h45 &#8211; 11h45<\/p>\n<p>&nbsp;<strong>Restauration<\/strong><\/p>\n<\/div>\n<p class=\"contentBox\">Les \u00e9l\u00e8ves de maternelles et de CP peuvent d\u00e9jeuner sur le site de l&rsquo;\u00e9cole, les repas \u00e9tant pr\u00e9par\u00e9s au Coll\u00e8ge Ste Philom\u00e8ne.<\/p>\n<p class=\"contentBox\">Les CE-CM peuvent d\u00e9jeuner au restaurant scolaire du coll\u00e8ge St Philom\u00e8ne, de fa\u00e7on r\u00e9guli\u00e8re ou occasionnelle.<br \/>\nUn service de car-navette permet aux enfants de s&rsquo;y rendre avec leurs accompagnateurs.<\/p>\n<h4 class=\"contentBox\">&nbsp;<strong>Accueil p\u00e9riscolaire<\/strong><\/h4>\n<div class=\"contentBox\">\n<p>A partir de 7h45 le matin et jusqu&rsquo;\u00e0 18h30 le soir en maternelle et en primaire.<br \/>\nUne \u00e9tude est propos\u00e9e \u00e0 partir du CE1, entre 16h00 et 18h00.<\/p>\n<h4><strong>Contact :<\/strong><\/h4>\n<p>53 rue Henri Gautier<br \/>\n44220 COUERON<br \/>\nTel : 02 40 86 12 15<br \/>\nMail: ec.coueron.st-symphorien@ec44.fr<\/p>\n<p>&nbsp;<\/p>\n<\/div>\n<\/div>\n","protected":false},"excerpt":{"rendered":"<p>&nbsp; L&rsquo;\u00e9cole St Symphorien est un groupe scolaire qui accueille environ 300 \u00e9l\u00e8ves chaque ann\u00e9e. Les 13 classes sont r\u00e9parties en 3 cycles : * Cycle I : petite section, moyenne section et grande section * Cycle II : Cours Pr\u00e9paratoire, CE1, CE2 * Cycle III :&nbsp; CM1, CM2 La direction des 3 cycles est<\/p>\n<p><a href=\"https:\/\/coueron-st-symphorien.fr\/?page_id=86\" class=\"more-link themebutton\">Lire la suite<\/a><\/p>\n","protected":false},"author":2,"featured_media":0,"parent":0,"menu_order":0,"comment_status":"closed","ping_status":"closed","template":"","meta":{"ngg_post_thumbnail":0,"footnotes":""},"_links":{"self":[{"href":"https:\/\/coueron-st-symphorien.fr\/index.php?rest_route=\/wp\/v2\/pages\/86"}],"collection":[{"href":"https:\/\/coueron-st-symphorien.fr\/index.php?rest_route=\/wp\/v2\/pages"}],"about":[{"href":"https:\/\/coueron-st-symphorien.fr\/index.php?rest_route=\/wp\/v2\/types\/page"}],"author":[{"embeddable":true,"href":"https:\/\/coueron-st-symphorien.fr\/index.php?rest_route=\/wp\/v2\/users\/2"}],"replies":[{"embeddable":true,"href":"https:\/\/coueron-st-symphorien.fr\/index.php?rest_route=%2Fwp%2Fv2%2Fcomments&post=86"}],"version-history":[{"count":13,"href":"https:\/\/coueron-st-symphorien.fr\/index.php?rest_route=\/wp\/v2\/pages\/86\/revisions"}],"predecessor-version":[{"id":18490,"href":"https:\/\/coueron-st-symphorien.fr\/index.php?rest_route=\/wp\/v2\/pages\/86\/revisions\/18490"}],"wp:attachment":[{"href":"https:\/\/coueron-st-symphorien.fr\/index.php?rest_route=%2Fwp%2Fv2%2Fmedia&parent=86"}],"curies":[{"name":"wp","href":"https:\/\/api.w.org\/{rel}","templated":true}]}}