{"id":529,"date":"2015-10-06T17:08:32","date_gmt":"2015-10-06T16:08:32","guid":{"rendered":"https:\/\/coueron-st-symphorien.fr\/?page_id=529"},"modified":"2025-09-01T18:38:56","modified_gmt":"2025-09-01T17:38:56","slug":"contributions-des-familles","status":"publish","type":"page","link":"https:\/\/coueron-st-symphorien.fr\/?page_id=529","title":{"rendered":"Contributions des familles"},"content":{"rendered":"<p>Voici quelques informations concernant le co\u00fbt de la scolarit\u00e9 de votre enfant (contribution, garderie, \u00e9tude, cantine).<\/p>\n\n<p>&nbsp;<\/p>\n<p>&nbsp;<\/p>\n<p>&nbsp;<\/p>\n","protected":false},"excerpt":{"rendered":"<p>Voici quelques informations concernant le co\u00fbt de la scolarit\u00e9 de votre enfant (contribution, garderie, \u00e9tude, cantine). &nbsp; &nbsp; &nbsp;<\/p>\n","protected":false},"author":5,"featured_media":0,"parent":0,"menu_order":0,"comment_status":"closed","ping_status":"closed","template":"","meta":{"ngg_post_thumbnail":0,"footnotes":""},"_links":{"self":[{"href":"https:\/\/coueron-st-symphorien.fr\/index.php?rest_route=\/wp\/v2\/pages\/529"}],"collection":[{"href":"https:\/\/coueron-st-symphorien.fr\/index.php?rest_route=\/wp\/v2\/pages"}],"about":[{"href":"https:\/\/coueron-st-symphorien.fr\/index.php?rest_route=\/wp\/v2\/types\/page"}],"author":[{"embeddable":true,"href":"https:\/\/coueron-st-symphorien.fr\/index.php?rest_route=\/wp\/v2\/users\/5"}],"replies":[{"embeddable":true,"href":"https:\/\/coueron-st-symphorien.fr\/index.php?rest_route=%2Fwp%2Fv2%2Fcomments&post=529"}],"version-history":[{"count":22,"href":"https:\/\/coueron-st-symphorien.fr\/index.php?rest_route=\/wp\/v2\/pages\/529\/revisions"}],"predecessor-version":[{"id":44768,"href":"https:\/\/coueron-st-symphorien.fr\/index.php?rest_route=\/wp\/v2\/pages\/529\/revisions\/44768"}],"wp:attachment":[{"href":"https:\/\/coueron-st-symphorien.fr\/index.php?rest_route=%2Fwp%2Fv2%2Fmedia&parent=529"}],"curies":[{"name":"wp","href":"https:\/\/api.w.org\/{rel}","templated":true}]}}