{"id":2,"date":"2015-04-10T09:54:49","date_gmt":"2015-04-10T08:54:49","guid":{"rendered":"https:\/\/coueron-st-symphorien.fr\/?page_id=2"},"modified":"2025-10-17T15:35:31","modified_gmt":"2025-10-17T14:35:31","slug":"accueil","status":"publish","type":"page","link":"https:\/\/coueron-st-symphorien.fr\/","title":{"rendered":"Accueil"},"content":{"rendered":"<h2 style=\"text-align: center;\"><span style=\"color: #42a8db;\">Bienvenue sur le site de <\/span><span style=\"color: #42a8db;\">l&rsquo;\u00e9cole Saint Symphorien <\/span><\/h2>\n<h2 style=\"text-align: center;\"><span style=\"color: #42a8db;\">COUERON<\/span><\/h2>\n<p style=\"text-align: center;\"><strong>Portes ouvertes en <em>Petite Section<\/em> &#8211; Maternelle<\/strong> : Samedi 7 f\u00e9vrier 2026 de 10 h \u00e0 12h<\/p>\n","protected":false},"excerpt":{"rendered":"<p>Bienvenue sur le site de l&rsquo;\u00e9cole Saint Symphorien COUERON Portes ouvertes en Petite Section &#8211; Maternelle : Samedi 7 f\u00e9vrier 2026 de 10 h \u00e0 12h<\/p>\n","protected":false},"author":1,"featured_media":0,"parent":0,"menu_order":0,"comment_status":"closed","ping_status":"closed","template":"","meta":{"ngg_post_thumbnail":0,"footnotes":""},"_links":{"self":[{"href":"https:\/\/coueron-st-symphorien.fr\/index.php?rest_route=\/wp\/v2\/pages\/2"}],"collection":[{"href":"https:\/\/coueron-st-symphorien.fr\/index.php?rest_route=\/wp\/v2\/pages"}],"about":[{"href":"https:\/\/coueron-st-symphorien.fr\/index.php?rest_route=\/wp\/v2\/types\/page"}],"author":[{"embeddable":true,"href":"https:\/\/coueron-st-symphorien.fr\/index.php?rest_route=\/wp\/v2\/users\/1"}],"replies":[{"embeddable":true,"href":"https:\/\/coueron-st-symphorien.fr\/index.php?rest_route=%2Fwp%2Fv2%2Fcomments&post=2"}],"version-history":[{"count":17,"href":"https:\/\/coueron-st-symphorien.fr\/index.php?rest_route=\/wp\/v2\/pages\/2\/revisions"}],"predecessor-version":[{"id":45536,"href":"https:\/\/coueron-st-symphorien.fr\/index.php?rest_route=\/wp\/v2\/pages\/2\/revisions\/45536"}],"wp:attachment":[{"href":"https:\/\/coueron-st-symphorien.fr\/index.php?rest_route=%2Fwp%2Fv2%2Fmedia&parent=2"}],"curies":[{"name":"wp","href":"https:\/\/api.w.org\/{rel}","templated":true}]}}